{"id":699,"date":"2024-04-26T11:30:07","date_gmt":"2024-04-26T09:30:07","guid":{"rendered":"https:\/\/www.abf.se\/vasternorrland\/?page_id=699"},"modified":"2026-01-28T11:15:10","modified_gmt":"2026-01-28T10:15:10","slug":"cirkelledare-abfv","status":"publish","type":"page","link":"https:\/\/www.abf.se\/vasternorrland\/cirkelledare-abfv\/","title":{"rendered":"Cirkelledare"},"content":{"rendered":"<div\n    class=\"acf-hero-block container-lg no-padding mb-12 js-geolocation\"\n    data-block=\"hero-block\"\n    data-index=\"0\"\n>\n    <div class=\"h-[548px]  relative rounded-[32px] overflow-hidden flex bg-gray-light\">\n        <div class=\"relative z-10 mt-auto h-auto w-full md:h-full\">\n            <div class=\"flex w-full h-full flex-col flex-wrap justify-end w-full md:w-7\/12 lg:w-1\/2 md:justify-center\">\n                <div class=\"flex flex-col gap-3 md:gap-[18px] md:transparent pt-16 pb-36 md:py-8 px-4 w-full md:max-w-[620px] mx-auto px-8\">\n\n                    <h1 class=\"hero-heading hero-heading--red-text\"><span>Cirkelledare hos ABF V\u00e4sternorrland<\/span><\/h1>\n\n                    \n                                    <\/div>\n            <\/div>\n        <\/div>\n\n                    <picture class=\"as-background-image mix-blend-multiply bg-black\/40\"><img decoding=\"async\" src=\"https:\/\/www.abf.se\/vasternorrland\/resized\/?url=https%3A%2F%2Fwww.abf.se%2Fwp-content%2Fuploads%2F2025%2F03%2FCollage3.jpg&#038;fit=crop&#038;w=1440&#038;s=ff0b3409f29cc51fb23ff64dba6b17f1\" srcset=\"https:\/\/www.abf.se\/vasternorrland\/resized\/?url=https%3A%2F%2Fwww.abf.se%2Fwp-content%2Fuploads%2F2025%2F03%2FCollage3.jpg&#038;fit=crop&#038;w=375&#038;h=540&#038;s=17f9135aa0092202f3e5226cca8e2c9f 375w, https:\/\/www.abf.se\/vasternorrland\/resized\/?url=https%3A%2F%2Fwww.abf.se%2Fwp-content%2Fuploads%2F2025%2F03%2FCollage3.jpg&#038;fit=crop&#038;w=447&#038;h=540&#038;s=324a0d1c69395d415d3e70656c51b6b8 447w, https:\/\/www.abf.se\/vasternorrland\/resized\/?url=https%3A%2F%2Fwww.abf.se%2Fwp-content%2Fuploads%2F2025%2F03%2FCollage3.jpg&#038;fit=crop&#038;w=519&#038;h=540&#038;s=b0051bf24deb9ed06c8782ec6eb2cc64 519w, https:\/\/www.abf.se\/vasternorrland\/resized\/?url=https%3A%2F%2Fwww.abf.se%2Fwp-content%2Fuploads%2F2025%2F03%2FCollage3.jpg&#038;fit=crop&#038;w=591&#038;h=540&#038;s=68f08b9bbe6758dbe91f24e02bffa1ae 591w, https:\/\/www.abf.se\/vasternorrland\/resized\/?url=https%3A%2F%2Fwww.abf.se%2Fwp-content%2Fuploads%2F2025%2F03%2FCollage3.jpg&#038;fit=crop&#038;w=663&#038;h=540&#038;s=4a3be70850fd6479a8333100e5a1f623 663w, https:\/\/www.abf.se\/vasternorrland\/resized\/?url=https%3A%2F%2Fwww.abf.se%2Fwp-content%2Fuploads%2F2025%2F03%2FCollage3.jpg&#038;fit=crop&#038;w=750&#038;h=540&#038;s=8e575385571fe588504741a841d4e246 750w, https:\/\/www.abf.se\/vasternorrland\/resized\/?url=https%3A%2F%2Fwww.abf.se%2Fwp-content%2Fuploads%2F2025%2F03%2FCollage3.jpg&#038;fit=crop&#038;w=894&#038;h=540&#038;s=d94a3ca8b6cf90ea3b4cb9cc8865238d 894w, https:\/\/www.abf.se\/vasternorrland\/resized\/?url=https%3A%2F%2Fwww.abf.se%2Fwp-content%2Fuploads%2F2025%2F03%2FCollage3.jpg&#038;fit=crop&#038;w=1038&#038;h=540&#038;s=16651ad3833d74c90152542753e3a3b7 1038w, https:\/\/www.abf.se\/vasternorrland\/resized\/?url=https%3A%2F%2Fwww.abf.se%2Fwp-content%2Fuploads%2F2025%2F03%2FCollage3.jpg&#038;fit=crop&#038;w=1182&#038;h=540&#038;s=29173cab84b79bbe1888f754f72f3344 1182w, https:\/\/www.abf.se\/vasternorrland\/resized\/?url=https%3A%2F%2Fwww.abf.se%2Fwp-content%2Fuploads%2F2025%2F03%2FCollage3.jpg&#038;fit=crop&#038;w=1326&#038;h=540&#038;s=c0936d1e059d2a3cfc77c0d9e3c38fc1 1326w, https:\/\/www.abf.se\/vasternorrland\/resized\/?url=https%3A%2F%2Fwww.abf.se%2Fwp-content%2Fuploads%2F2025%2F03%2FCollage3.jpg&#038;fit=crop&#038;w=1440&#038;h=540&#038;s=53422f280d44a8acf3a661ce4bbc96ff 1440w\" alt=\"\" height=\"540\" width=\"1440\" sizes=\"(max-width: 1440px) calc(100vw - 32px), 1440px\" loading=\"eager\" fetchpriority=\"high\" aria-hidden=\"true\" role=\"presentation\" \/><\/picture>\n        \n\n                    <figure class=\"absolute bottom-0  md:w-1\/2 transform right-0 translate-x-10 md:translate-x-32\">\n                <img decoding=\"async\"\n                    alt=\"\"\n                    aria-hidden=\"true\"\n                    class=\"h-auto w-full\"\n                    role=\"presentation\"\n                    src=\"\/assets\/images\/two_circles_bottom.svg\"\n                >\n            <\/figure>\n            <\/div>\n\n    <\/div>\n\n<div\n    class=\"acf-text-image-block container my-12 md:my-15\"\n    data-block=\"text-image-block\"\n>\n    <div\n    class=\"flex flex-col items-center md:flex-row gap-8 md:gap-0 justify-between\">\n                        <div class=\"w-full md:w-1\/2 md:order-2\">\n            <picture><img decoding=\"async\" src=\"https:\/\/www.abf.se\/vasternorrland\/resized\/?url=https%3A%2F%2Fwww.abf.se%2Fwp-content%2Fuploads%2F2023%2F11%2FImage.png&#038;fit=crop&#038;w=578&#038;s=46fe63d23cb399782247ba91cdb7ec46\" srcset=\"https:\/\/www.abf.se\/vasternorrland\/resized\/?url=https%3A%2F%2Fwww.abf.se%2Fwp-content%2Fuploads%2F2023%2F11%2FImage.png&#038;fit=crop&#038;w=144&#038;h=126&#038;s=78dbf54ba121a466ab8c9ac54378ec6e 144w, https:\/\/www.abf.se\/vasternorrland\/resized\/?url=https%3A%2F%2Fwww.abf.se%2Fwp-content%2Fuploads%2F2023%2F11%2FImage.png&#038;fit=crop&#038;w=240&#038;h=211&#038;s=b3d1033a766401e3b4c2552250f9a642 240w, https:\/\/www.abf.se\/vasternorrland\/resized\/?url=https%3A%2F%2Fwww.abf.se%2Fwp-content%2Fuploads%2F2023%2F11%2FImage.png&#038;fit=crop&#038;w=288&#038;h=253&#038;s=63dfe34e1e9c4b554357374543406ff2 288w, https:\/\/www.abf.se\/vasternorrland\/resized\/?url=https%3A%2F%2Fwww.abf.se%2Fwp-content%2Fuploads%2F2023%2F11%2FImage.png&#038;fit=crop&#038;w=336&#038;h=295&#038;s=699b7b81462a5db2d40d727f0919e72b 336w, https:\/\/www.abf.se\/vasternorrland\/resized\/?url=https%3A%2F%2Fwww.abf.se%2Fwp-content%2Fuploads%2F2023%2F11%2FImage.png&#038;fit=crop&#038;w=432&#038;h=380&#038;s=c759a32d6a4177397a5c4134ea606901 432w, https:\/\/www.abf.se\/vasternorrland\/resized\/?url=https%3A%2F%2Fwww.abf.se%2Fwp-content%2Fuploads%2F2023%2F11%2FImage.png&#038;fit=crop&#038;w=480&#038;h=422&#038;s=38bb72543c91b1657a6c48397f265669 480w, https:\/\/www.abf.se\/vasternorrland\/resized\/?url=https%3A%2F%2Fwww.abf.se%2Fwp-content%2Fuploads%2F2023%2F11%2FImage.png&#038;fit=crop&#038;w=528&#038;h=464&#038;s=73b950ecfd5463405642b955ff58b235 528w, https:\/\/www.abf.se\/vasternorrland\/resized\/?url=https%3A%2F%2Fwww.abf.se%2Fwp-content%2Fuploads%2F2023%2F11%2FImage.png&#038;fit=crop&#038;w=578&#038;h=509&#038;s=ff70472ae7769116bde5e26385c28bde 578w, https:\/\/www.abf.se\/vasternorrland\/resized\/?url=https%3A%2F%2Fwww.abf.se%2Fwp-content%2Fuploads%2F2023%2F11%2FImage.png&#038;fit=crop&#038;w=672&#038;h=591&#038;s=5b97d17df0b23dd518aafb655236ffcc 672w, https:\/\/www.abf.se\/vasternorrland\/resized\/?url=https%3A%2F%2Fwww.abf.se%2Fwp-content%2Fuploads%2F2023%2F11%2FImage.png&#038;fit=crop&#038;w=864&#038;h=760&#038;s=a7abac363146b4f8bac65d9142a585e1 864w, https:\/\/www.abf.se\/vasternorrland\/resized\/?url=https%3A%2F%2Fwww.abf.se%2Fwp-content%2Fuploads%2F2023%2F11%2FImage.png&#038;fit=crop&#038;w=1056&#038;h=929&#038;s=c2cb04540b9a8eb2c4d686dd8117925f 1056w\" alt=\"glad kvinna med glas&ouml;gon mot en turkos bakgrund\" height=\"509\" width=\"578\" sizes=\"auto, (max-width: 768px) 100vw,\n                (max-width: 1280px) 50vw, 578px\" loading=\"lazy\" fetchpriority=\"low\" \/><\/picture>\n\n        <\/div>\n        \n        <div class=\"w-full md:w-1\/2 md:order-1\">\n        <div class=\"mx-auto md:max-w-[368px]\">\n            <h2 class=\"heading-lg\">F\u00f6r dig som \u00e4r cirkelledare<\/h2>\n            <div class=\"mb-6 mt-4 wysiwyg\">\n                <p>H\u00e4r finns samlad information f\u00f6r dig som \u00e4r cirkelledare.<\/p>\n\n            <\/div>\n                                            <a href='https:\/\/www.abf.se\/vasternorrland\/bli-cirkelledare\/560-2\/' class=\"default-button\" target=\"\">Mer info<\/a>\n                    <\/div>\n        <\/div>\n    <\/div>\n<\/div><div\n    class=\"acf-text-image-block container my-12 md:my-15\"\n    data-block=\"text-image-block\"\n>\n    <div\n    class=\"flex flex-col items-center md:flex-row gap-8 md:gap-0 justify-between\">\n                        <div class=\"w-full md:w-1\/2 md:order-2\">\n            <picture><img decoding=\"async\" src=\"https:\/\/www.abf.se\/vasternorrland\/resized\/?url=https%3A%2F%2Fwww.abf.se%2Fwp-content%2Fuploads%2F2025%2F03%2FGlad-kille.png&#038;fit=crop&#038;w=578&#038;s=8a8b530912ef8f8b8edf99afa3ca8ae3\" srcset=\"https:\/\/www.abf.se\/vasternorrland\/resized\/?url=https%3A%2F%2Fwww.abf.se%2Fwp-content%2Fuploads%2F2025%2F03%2FGlad-kille.png&#038;fit=crop&#038;w=144&#038;h=126&#038;s=43b87b47b699489e00c2ffea88ebba4c 144w, https:\/\/www.abf.se\/vasternorrland\/resized\/?url=https%3A%2F%2Fwww.abf.se%2Fwp-content%2Fuploads%2F2025%2F03%2FGlad-kille.png&#038;fit=crop&#038;w=240&#038;h=211&#038;s=5ec248fdfe4b1628617f998f22054675 240w, https:\/\/www.abf.se\/vasternorrland\/resized\/?url=https%3A%2F%2Fwww.abf.se%2Fwp-content%2Fuploads%2F2025%2F03%2FGlad-kille.png&#038;fit=crop&#038;w=288&#038;h=253&#038;s=277df1652311eee3bbf3ca91da5431d4 288w, https:\/\/www.abf.se\/vasternorrland\/resized\/?url=https%3A%2F%2Fwww.abf.se%2Fwp-content%2Fuploads%2F2025%2F03%2FGlad-kille.png&#038;fit=crop&#038;w=336&#038;h=295&#038;s=333844bff778da4131f095ab3f378887 336w, https:\/\/www.abf.se\/vasternorrland\/resized\/?url=https%3A%2F%2Fwww.abf.se%2Fwp-content%2Fuploads%2F2025%2F03%2FGlad-kille.png&#038;fit=crop&#038;w=432&#038;h=380&#038;s=4447cc2c3669598096566423a0b7ae46 432w, https:\/\/www.abf.se\/vasternorrland\/resized\/?url=https%3A%2F%2Fwww.abf.se%2Fwp-content%2Fuploads%2F2025%2F03%2FGlad-kille.png&#038;fit=crop&#038;w=480&#038;h=422&#038;s=8214490eee05941a8effa6d54a8ed0ea 480w, https:\/\/www.abf.se\/vasternorrland\/resized\/?url=https%3A%2F%2Fwww.abf.se%2Fwp-content%2Fuploads%2F2025%2F03%2FGlad-kille.png&#038;fit=crop&#038;w=528&#038;h=464&#038;s=8bdc04fb048adfc7d389bc9fb518faa1 528w, https:\/\/www.abf.se\/vasternorrland\/resized\/?url=https%3A%2F%2Fwww.abf.se%2Fwp-content%2Fuploads%2F2025%2F03%2FGlad-kille.png&#038;fit=crop&#038;w=578&#038;h=509&#038;s=2b74d06c779fe9e9dbf37e9760948945 578w, https:\/\/www.abf.se\/vasternorrland\/resized\/?url=https%3A%2F%2Fwww.abf.se%2Fwp-content%2Fuploads%2F2025%2F03%2FGlad-kille.png&#038;fit=crop&#038;w=672&#038;h=591&#038;s=8f775a7fd99284d2caff483a6d38cdee 672w, https:\/\/www.abf.se\/vasternorrland\/resized\/?url=https%3A%2F%2Fwww.abf.se%2Fwp-content%2Fuploads%2F2025%2F03%2FGlad-kille.png&#038;fit=crop&#038;w=864&#038;h=760&#038;s=e009f34f033772ab7cb36739d03b28dc 864w, https:\/\/www.abf.se\/vasternorrland\/resized\/?url=https%3A%2F%2Fwww.abf.se%2Fwp-content%2Fuploads%2F2025%2F03%2FGlad-kille.png&#038;fit=crop&#038;w=1056&#038;h=929&#038;s=1420e944ff92aeb3fc59f53337fe9338 1056w\" alt=\"En skrattande man i gul tr&ouml;ja mot r&ouml;d bakgrund\" height=\"509\" width=\"578\" sizes=\"auto, (max-width: 768px) 100vw,\n                (max-width: 1280px) 50vw, 578px\" loading=\"lazy\" fetchpriority=\"low\" \/><\/picture>\n\n        <\/div>\n        \n        <div class=\"w-full md:w-1\/2 md:order-1\">\n        <div class=\"mx-auto md:max-w-[368px]\">\n            <h2 class=\"heading-lg\">Nyfiken p\u00e5 att bli cirkelledare?<\/h2>\n            <div class=\"mb-6 mt-4 wysiwyg\">\n                <p>Funderar du \u00f6ver hur det \u00e4r att vara cirkelledare? K\u00e4nner du att du har kunskap och vill dela med dig till andra? H\u00e4r f\u00e5r du veta mer om vad det inneb\u00e4r!<\/p>\n\n            <\/div>\n                                            <a href='https:\/\/www.abf.se\/vasternorrland\/bli-cirkelledare\/jag-vill-bli-cirkeledare\/' class=\"default-button\" target=\"\">L\u00e4s mer h\u00e4r<\/a>\n                    <\/div>\n        <\/div>\n    <\/div>\n<\/div>","protected":false},"excerpt":{"rendered":"","protected":false},"author":95,"featured_media":0,"parent":0,"menu_order":0,"comment_status":"closed","ping_status":"closed","template":"","meta":{"_acf_changed":false,"footnotes":""},"class_list":["post-699","page","type-page","status-publish","hentry"],"acf":[],"yoast_head":"<!-- This site is optimized with the Yoast SEO plugin v27.0 - https:\/\/yoast.com\/product\/yoast-seo-wordpress\/ -->\n<title>Cirkelledare - V\u00e4sternorrland<\/title>\n<meta name=\"robots\" content=\"index, follow, max-snippet:-1, max-image-preview:large, max-video-preview:-1\" \/>\n<link rel=\"canonical\" href=\"https:\/\/www.abf.se\/vasternorrland\/cirkelledare-abfv\/\" \/>\n<meta property=\"og:locale\" content=\"sv_SE\" \/>\n<meta property=\"og:type\" content=\"article\" \/>\n<meta property=\"og:title\" content=\"Cirkelledare - V\u00e4sternorrland\" \/>\n<meta property=\"og:url\" content=\"https:\/\/www.abf.se\/vasternorrland\/cirkelledare-abfv\/\" \/>\n<meta property=\"og:site_name\" content=\"V\u00e4sternorrland\" \/>\n<meta property=\"article:modified_time\" content=\"2026-01-28T10:15:10+00:00\" \/>\n<meta property=\"og:image\" content=\"https:\/\/www.abf.se\/wp-content\/uploads\/sites\/56\/2024\/04\/Nyckeln-liggande-scaled.jpg\" \/>\n\t<meta property=\"og:image:width\" content=\"2560\" \/>\n\t<meta property=\"og:image:height\" content=\"1440\" \/>\n\t<meta property=\"og:image:type\" content=\"image\/jpeg\" \/>\n<meta name=\"twitter:card\" content=\"summary_large_image\" \/>\n<script type=\"application\/ld+json\" class=\"yoast-schema-graph\">{\"@context\":\"https:\/\/schema.org\",\"@graph\":[{\"@type\":\"WebPage\",\"@id\":\"https:\/\/www.abf.se\/vasternorrland\/cirkelledare-abfv\/\",\"url\":\"https:\/\/www.abf.se\/vasternorrland\/cirkelledare-abfv\/\",\"name\":\"Cirkelledare - V\u00e4sternorrland\",\"isPartOf\":{\"@id\":\"https:\/\/www.abf.se\/vasternorrland\/#website\"},\"datePublished\":\"2024-04-26T09:30:07+00:00\",\"dateModified\":\"2026-01-28T10:15:10+00:00\",\"breadcrumb\":{\"@id\":\"https:\/\/www.abf.se\/vasternorrland\/cirkelledare-abfv\/#breadcrumb\"},\"inLanguage\":\"sv-SE\",\"potentialAction\":[{\"@type\":\"ReadAction\",\"target\":[\"https:\/\/www.abf.se\/vasternorrland\/cirkelledare-abfv\/\"]}]},{\"@type\":\"BreadcrumbList\",\"@id\":\"https:\/\/www.abf.se\/vasternorrland\/cirkelledare-abfv\/#breadcrumb\",\"itemListElement\":[{\"@type\":\"ListItem\",\"position\":1,\"name\":\"Home\",\"item\":\"https:\/\/www.abf.se\/vasternorrland\/\"},{\"@type\":\"ListItem\",\"position\":2,\"name\":\"Cirkelledare\"}]},{\"@type\":\"WebSite\",\"@id\":\"https:\/\/www.abf.se\/vasternorrland\/#website\",\"url\":\"https:\/\/www.abf.se\/vasternorrland\/\",\"name\":\"V\u00e4sternorrland\",\"description\":\"\",\"potentialAction\":[{\"@type\":\"SearchAction\",\"target\":{\"@type\":\"EntryPoint\",\"urlTemplate\":\"https:\/\/www.abf.se\/vasternorrland\/?s={search_term_string}\"},\"query-input\":{\"@type\":\"PropertyValueSpecification\",\"valueRequired\":true,\"valueName\":\"search_term_string\"}}],\"inLanguage\":\"sv-SE\"}]}<\/script>\n<!-- \/ Yoast SEO plugin. -->","yoast_head_json":{"title":"Cirkelledare - V\u00e4sternorrland","robots":{"index":"index","follow":"follow","max-snippet":"max-snippet:-1","max-image-preview":"max-image-preview:large","max-video-preview":"max-video-preview:-1"},"canonical":"https:\/\/www.abf.se\/vasternorrland\/cirkelledare-abfv\/","og_locale":"sv_SE","og_type":"article","og_title":"Cirkelledare - V\u00e4sternorrland","og_url":"https:\/\/www.abf.se\/vasternorrland\/cirkelledare-abfv\/","og_site_name":"V\u00e4sternorrland","article_modified_time":"2026-01-28T10:15:10+00:00","og_image":[{"width":2560,"height":1440,"url":"https:\/\/www.abf.se\/wp-content\/uploads\/sites\/56\/2024\/04\/Nyckeln-liggande-scaled.jpg","type":"image\/jpeg"}],"twitter_card":"summary_large_image","schema":{"@context":"https:\/\/schema.org","@graph":[{"@type":"WebPage","@id":"https:\/\/www.abf.se\/vasternorrland\/cirkelledare-abfv\/","url":"https:\/\/www.abf.se\/vasternorrland\/cirkelledare-abfv\/","name":"Cirkelledare - V\u00e4sternorrland","isPartOf":{"@id":"https:\/\/www.abf.se\/vasternorrland\/#website"},"datePublished":"2024-04-26T09:30:07+00:00","dateModified":"2026-01-28T10:15:10+00:00","breadcrumb":{"@id":"https:\/\/www.abf.se\/vasternorrland\/cirkelledare-abfv\/#breadcrumb"},"inLanguage":"sv-SE","potentialAction":[{"@type":"ReadAction","target":["https:\/\/www.abf.se\/vasternorrland\/cirkelledare-abfv\/"]}]},{"@type":"BreadcrumbList","@id":"https:\/\/www.abf.se\/vasternorrland\/cirkelledare-abfv\/#breadcrumb","itemListElement":[{"@type":"ListItem","position":1,"name":"Home","item":"https:\/\/www.abf.se\/vasternorrland\/"},{"@type":"ListItem","position":2,"name":"Cirkelledare"}]},{"@type":"WebSite","@id":"https:\/\/www.abf.se\/vasternorrland\/#website","url":"https:\/\/www.abf.se\/vasternorrland\/","name":"V\u00e4sternorrland","description":"","potentialAction":[{"@type":"SearchAction","target":{"@type":"EntryPoint","urlTemplate":"https:\/\/www.abf.se\/vasternorrland\/?s={search_term_string}"},"query-input":{"@type":"PropertyValueSpecification","valueRequired":true,"valueName":"search_term_string"}}],"inLanguage":"sv-SE"}]}},"_links":{"self":[{"href":"https:\/\/www.abf.se\/vasternorrland\/wp-json\/wp\/v2\/pages\/699","targetHints":{"allow":["GET"]}}],"collection":[{"href":"https:\/\/www.abf.se\/vasternorrland\/wp-json\/wp\/v2\/pages"}],"about":[{"href":"https:\/\/www.abf.se\/vasternorrland\/wp-json\/wp\/v2\/types\/page"}],"author":[{"embeddable":true,"href":"https:\/\/www.abf.se\/vasternorrland\/wp-json\/wp\/v2\/users\/95"}],"replies":[{"embeddable":true,"href":"https:\/\/www.abf.se\/vasternorrland\/wp-json\/wp\/v2\/comments?post=699"}],"version-history":[{"count":14,"href":"https:\/\/www.abf.se\/vasternorrland\/wp-json\/wp\/v2\/pages\/699\/revisions"}],"predecessor-version":[{"id":1286,"href":"https:\/\/www.abf.se\/vasternorrland\/wp-json\/wp\/v2\/pages\/699\/revisions\/1286"}],"wp:attachment":[{"href":"https:\/\/www.abf.se\/vasternorrland\/wp-json\/wp\/v2\/media?parent=699"}],"curies":[{"name":"wp","href":"https:\/\/api.w.org\/{rel}","templated":true}]}}