{"id":272,"date":"2024-04-12T08:24:38","date_gmt":"2024-04-12T06:24:38","guid":{"rendered":"https:\/\/www.abf.se\/vastra-vastmanland\/?page_id=272"},"modified":"2026-02-04T13:48:25","modified_gmt":"2026-02-04T12:48:25","slug":"nyhetssida-2","status":"publish","type":"page","link":"https:\/\/www.abf.se\/vastra-vastmanland\/nyhetssida-2\/","title":{"rendered":"ABF V\u00e4stra V\u00e4stmanland"},"content":{"rendered":"<div\n    class=\"acf-hero-block container-lg no-padding mb-12 js-geolocation\"\n    data-block=\"hero-block\"\n    data-index=\"0\"\n>\n    <div class=\"h-[548px]  relative rounded-[32px] overflow-hidden flex bg-gray-light\">\n        <div class=\"relative z-10 mt-auto h-auto w-full md:h-full\">\n            <div class=\"flex w-full h-full flex-col flex-wrap justify-end w-full md:w-7\/12 lg:w-1\/2 md:justify-center\">\n                <div class=\"flex flex-col gap-3 md:gap-[18px] md:transparent pt-16 pb-36 md:py-8 px-4 w-full md:max-w-[620px] mx-auto px-8\">\n\n                    <h1 class=\"hero-heading hero-heading--red-text\"><span>Cirkelledarutbildningar under 2026<\/span><\/h1>\n\n                    \n                                    <\/div>\n            <\/div>\n        <\/div>\n\n                    <picture class=\"as-background-image mix-blend-multiply bg-black\/40\"><img decoding=\"async\" src=\"https:\/\/www.abf.se\/vastra-vastmanland\/resized\/?url=https%3A%2F%2Fwww.abf.se%2Fwp-content%2Fuploads%2F2024%2F04%2Fekonomi-foretag.jpg&#038;fit=crop&#038;w=1440&#038;s=7765306c9e6e5ac23e22a998427ad835\" srcset=\"https:\/\/www.abf.se\/vastra-vastmanland\/resized\/?url=https%3A%2F%2Fwww.abf.se%2Fwp-content%2Fuploads%2F2024%2F04%2Fekonomi-foretag.jpg&#038;fit=crop&#038;w=375&#038;h=540&#038;s=8497eb1eafcf1b341d54d5ea9bb3f5f6 375w, https:\/\/www.abf.se\/vastra-vastmanland\/resized\/?url=https%3A%2F%2Fwww.abf.se%2Fwp-content%2Fuploads%2F2024%2F04%2Fekonomi-foretag.jpg&#038;fit=crop&#038;w=447&#038;h=540&#038;s=2f6833f6e9e026d9e2c8f86265937691 447w, https:\/\/www.abf.se\/vastra-vastmanland\/resized\/?url=https%3A%2F%2Fwww.abf.se%2Fwp-content%2Fuploads%2F2024%2F04%2Fekonomi-foretag.jpg&#038;fit=crop&#038;w=519&#038;h=540&#038;s=5156e2871bb36b234e20199a104f4fc3 519w, https:\/\/www.abf.se\/vastra-vastmanland\/resized\/?url=https%3A%2F%2Fwww.abf.se%2Fwp-content%2Fuploads%2F2024%2F04%2Fekonomi-foretag.jpg&#038;fit=crop&#038;w=591&#038;h=540&#038;s=ebdc8f837bdb747cfeba3ae194882891 591w, https:\/\/www.abf.se\/vastra-vastmanland\/resized\/?url=https%3A%2F%2Fwww.abf.se%2Fwp-content%2Fuploads%2F2024%2F04%2Fekonomi-foretag.jpg&#038;fit=crop&#038;w=663&#038;h=540&#038;s=127bc70dccc05903149eab84204fbc44 663w, https:\/\/www.abf.se\/vastra-vastmanland\/resized\/?url=https%3A%2F%2Fwww.abf.se%2Fwp-content%2Fuploads%2F2024%2F04%2Fekonomi-foretag.jpg&#038;fit=crop&#038;w=750&#038;h=540&#038;s=ec68b188ac5b55ff02180461c3590f6f 750w, https:\/\/www.abf.se\/vastra-vastmanland\/resized\/?url=https%3A%2F%2Fwww.abf.se%2Fwp-content%2Fuploads%2F2024%2F04%2Fekonomi-foretag.jpg&#038;fit=crop&#038;w=894&#038;h=540&#038;s=f880f0a1d558d94ac09e5afa16c44674 894w, https:\/\/www.abf.se\/vastra-vastmanland\/resized\/?url=https%3A%2F%2Fwww.abf.se%2Fwp-content%2Fuploads%2F2024%2F04%2Fekonomi-foretag.jpg&#038;fit=crop&#038;w=1038&#038;h=540&#038;s=98dc55949b9d1fc0f1fb7b47d05f1ae0 1038w, https:\/\/www.abf.se\/vastra-vastmanland\/resized\/?url=https%3A%2F%2Fwww.abf.se%2Fwp-content%2Fuploads%2F2024%2F04%2Fekonomi-foretag.jpg&#038;fit=crop&#038;w=1182&#038;h=540&#038;s=5563b171ab03b02bcf32690c2ef67790 1182w, https:\/\/www.abf.se\/vastra-vastmanland\/resized\/?url=https%3A%2F%2Fwww.abf.se%2Fwp-content%2Fuploads%2F2024%2F04%2Fekonomi-foretag.jpg&#038;fit=crop&#038;w=1326&#038;h=540&#038;s=93a00feeb81bcd9e8da58e5e651b5805 1326w, https:\/\/www.abf.se\/vastra-vastmanland\/resized\/?url=https%3A%2F%2Fwww.abf.se%2Fwp-content%2Fuploads%2F2024%2F04%2Fekonomi-foretag.jpg&#038;fit=crop&#038;w=1440&#038;h=540&#038;s=85c18ff3be5f125d85964f23ef1d2513 1440w\" alt=\"\" height=\"540\" width=\"1440\" sizes=\"(max-width: 1440px) calc(100vw - 32px), 1440px\" loading=\"eager\" fetchpriority=\"high\" aria-hidden=\"true\" role=\"presentation\" \/><\/picture>\n        \n\n            <\/div>\n\n    <\/div>\n\n<div\n    class=\"acf-text-image-block container my-12 md:my-15\"\n    data-block=\"text-image-block\"\n>\n    <div\n    class=\"flex flex-col items-center md:flex-row gap-8 md:gap-0 justify-center\">\n        \n        <div class=\"w-full md:w-1\/2 md:order-1\">\n        <div class=\"mx-auto md:max-w-[368px]\">\n            <h2 class=\"heading-lg\">Har du inte g\u00e5tt eller vart det l\u00e4nge sedan?<\/h2>\n            <div class=\"mb-6 mt-4 wysiwyg\">\n                <p>Vi genomf\u00f6r med j\u00e4mna mellanrum cirkelledarutbildningar f\u00e5r b\u00e5de nya cirkelledare och p\u00e5byggnadsutbildningar f\u00f6r de som g\u00e5tt grundutbildningen. \u00c4r du intresserad av att delta meddela oss snarast! Kontaktuppgifter hittar du under l\u00e4nken kontakt i menyn.<\/p>\n\n            <\/div>\n                    <\/div>\n        <\/div>\n    <\/div>\n<\/div>","protected":false},"excerpt":{"rendered":"","protected":false},"author":98,"featured_media":0,"parent":0,"menu_order":0,"comment_status":"closed","ping_status":"closed","template":"","meta":{"_acf_changed":false,"footnotes":""},"class_list":["post-272","page","type-page","status-publish","hentry"],"acf":[],"yoast_head":"<!-- This site is optimized with the Yoast SEO plugin v27.0 - https:\/\/yoast.com\/product\/yoast-seo-wordpress\/ -->\n<title>ABF V\u00e4stra V\u00e4stmanland - V\u00e4stra V\u00e4stmanland<\/title>\n<meta name=\"robots\" content=\"index, follow, max-snippet:-1, max-image-preview:large, max-video-preview:-1\" \/>\n<link rel=\"canonical\" href=\"https:\/\/www.abf.se\/vastra-vastmanland\/nyhetssida-2\/\" \/>\n<meta property=\"og:locale\" content=\"sv_SE\" \/>\n<meta property=\"og:type\" content=\"article\" \/>\n<meta property=\"og:title\" content=\"ABF V\u00e4stra V\u00e4stmanland - V\u00e4stra V\u00e4stmanland\" \/>\n<meta property=\"og:url\" content=\"https:\/\/www.abf.se\/vastra-vastmanland\/nyhetssida-2\/\" \/>\n<meta property=\"og:site_name\" content=\"V\u00e4stra V\u00e4stmanland\" \/>\n<meta property=\"article:modified_time\" content=\"2026-02-04T12:48:25+00:00\" \/>\n<meta property=\"og:image\" content=\"https:\/\/www.abf.se\/wp-content\/uploads\/sites\/61\/2024\/04\/Nyckeln-liggande-scaled.jpg\" \/>\n\t<meta property=\"og:image:width\" content=\"2560\" \/>\n\t<meta property=\"og:image:height\" content=\"1440\" \/>\n\t<meta property=\"og:image:type\" content=\"image\/jpeg\" \/>\n<meta name=\"twitter:card\" content=\"summary_large_image\" \/>\n<script type=\"application\/ld+json\" class=\"yoast-schema-graph\">{\"@context\":\"https:\/\/schema.org\",\"@graph\":[{\"@type\":\"WebPage\",\"@id\":\"https:\/\/www.abf.se\/vastra-vastmanland\/nyhetssida-2\/\",\"url\":\"https:\/\/www.abf.se\/vastra-vastmanland\/nyhetssida-2\/\",\"name\":\"ABF V\u00e4stra V\u00e4stmanland - V\u00e4stra V\u00e4stmanland\",\"isPartOf\":{\"@id\":\"https:\/\/www.abf.se\/vastra-vastmanland\/#website\"},\"datePublished\":\"2024-04-12T06:24:38+00:00\",\"dateModified\":\"2026-02-04T12:48:25+00:00\",\"breadcrumb\":{\"@id\":\"https:\/\/www.abf.se\/vastra-vastmanland\/nyhetssida-2\/#breadcrumb\"},\"inLanguage\":\"sv-SE\",\"potentialAction\":[{\"@type\":\"ReadAction\",\"target\":[\"https:\/\/www.abf.se\/vastra-vastmanland\/nyhetssida-2\/\"]}]},{\"@type\":\"BreadcrumbList\",\"@id\":\"https:\/\/www.abf.se\/vastra-vastmanland\/nyhetssida-2\/#breadcrumb\",\"itemListElement\":[{\"@type\":\"ListItem\",\"position\":1,\"name\":\"Home\",\"item\":\"https:\/\/www.abf.se\/vastra-vastmanland\/\"},{\"@type\":\"ListItem\",\"position\":2,\"name\":\"ABF V\u00e4stra V\u00e4stmanland\"}]},{\"@type\":\"WebSite\",\"@id\":\"https:\/\/www.abf.se\/vastra-vastmanland\/#website\",\"url\":\"https:\/\/www.abf.se\/vastra-vastmanland\/\",\"name\":\"V\u00e4stra V\u00e4stmanland\",\"description\":\"\",\"potentialAction\":[{\"@type\":\"SearchAction\",\"target\":{\"@type\":\"EntryPoint\",\"urlTemplate\":\"https:\/\/www.abf.se\/vastra-vastmanland\/?s={search_term_string}\"},\"query-input\":{\"@type\":\"PropertyValueSpecification\",\"valueRequired\":true,\"valueName\":\"search_term_string\"}}],\"inLanguage\":\"sv-SE\"}]}<\/script>\n<!-- \/ Yoast SEO plugin. -->","yoast_head_json":{"title":"ABF V\u00e4stra V\u00e4stmanland - V\u00e4stra V\u00e4stmanland","robots":{"index":"index","follow":"follow","max-snippet":"max-snippet:-1","max-image-preview":"max-image-preview:large","max-video-preview":"max-video-preview:-1"},"canonical":"https:\/\/www.abf.se\/vastra-vastmanland\/nyhetssida-2\/","og_locale":"sv_SE","og_type":"article","og_title":"ABF V\u00e4stra V\u00e4stmanland - V\u00e4stra V\u00e4stmanland","og_url":"https:\/\/www.abf.se\/vastra-vastmanland\/nyhetssida-2\/","og_site_name":"V\u00e4stra V\u00e4stmanland","article_modified_time":"2026-02-04T12:48:25+00:00","og_image":[{"width":2560,"height":1440,"url":"https:\/\/www.abf.se\/wp-content\/uploads\/sites\/61\/2024\/04\/Nyckeln-liggande-scaled.jpg","type":"image\/jpeg"}],"twitter_card":"summary_large_image","schema":{"@context":"https:\/\/schema.org","@graph":[{"@type":"WebPage","@id":"https:\/\/www.abf.se\/vastra-vastmanland\/nyhetssida-2\/","url":"https:\/\/www.abf.se\/vastra-vastmanland\/nyhetssida-2\/","name":"ABF V\u00e4stra V\u00e4stmanland - V\u00e4stra V\u00e4stmanland","isPartOf":{"@id":"https:\/\/www.abf.se\/vastra-vastmanland\/#website"},"datePublished":"2024-04-12T06:24:38+00:00","dateModified":"2026-02-04T12:48:25+00:00","breadcrumb":{"@id":"https:\/\/www.abf.se\/vastra-vastmanland\/nyhetssida-2\/#breadcrumb"},"inLanguage":"sv-SE","potentialAction":[{"@type":"ReadAction","target":["https:\/\/www.abf.se\/vastra-vastmanland\/nyhetssida-2\/"]}]},{"@type":"BreadcrumbList","@id":"https:\/\/www.abf.se\/vastra-vastmanland\/nyhetssida-2\/#breadcrumb","itemListElement":[{"@type":"ListItem","position":1,"name":"Home","item":"https:\/\/www.abf.se\/vastra-vastmanland\/"},{"@type":"ListItem","position":2,"name":"ABF V\u00e4stra V\u00e4stmanland"}]},{"@type":"WebSite","@id":"https:\/\/www.abf.se\/vastra-vastmanland\/#website","url":"https:\/\/www.abf.se\/vastra-vastmanland\/","name":"V\u00e4stra V\u00e4stmanland","description":"","potentialAction":[{"@type":"SearchAction","target":{"@type":"EntryPoint","urlTemplate":"https:\/\/www.abf.se\/vastra-vastmanland\/?s={search_term_string}"},"query-input":{"@type":"PropertyValueSpecification","valueRequired":true,"valueName":"search_term_string"}}],"inLanguage":"sv-SE"}]}},"_links":{"self":[{"href":"https:\/\/www.abf.se\/vastra-vastmanland\/wp-json\/wp\/v2\/pages\/272","targetHints":{"allow":["GET"]}}],"collection":[{"href":"https:\/\/www.abf.se\/vastra-vastmanland\/wp-json\/wp\/v2\/pages"}],"about":[{"href":"https:\/\/www.abf.se\/vastra-vastmanland\/wp-json\/wp\/v2\/types\/page"}],"author":[{"embeddable":true,"href":"https:\/\/www.abf.se\/vastra-vastmanland\/wp-json\/wp\/v2\/users\/98"}],"replies":[{"embeddable":true,"href":"https:\/\/www.abf.se\/vastra-vastmanland\/wp-json\/wp\/v2\/comments?post=272"}],"version-history":[{"count":13,"href":"https:\/\/www.abf.se\/vastra-vastmanland\/wp-json\/wp\/v2\/pages\/272\/revisions"}],"predecessor-version":[{"id":834,"href":"https:\/\/www.abf.se\/vastra-vastmanland\/wp-json\/wp\/v2\/pages\/272\/revisions\/834"}],"wp:attachment":[{"href":"https:\/\/www.abf.se\/vastra-vastmanland\/wp-json\/wp\/v2\/media?parent=272"}],"curies":[{"name":"wp","href":"https:\/\/api.w.org\/{rel}","templated":true}]}}