{"id":276,"date":"2024-04-12T08:25:08","date_gmt":"2024-04-12T06:25:08","guid":{"rendered":"https:\/\/www.abf.se\/vastra-vastmanland\/?page_id=276"},"modified":"2025-01-28T13:58:39","modified_gmt":"2025-01-28T12:58:39","slug":"nyhetssida-4","status":"publish","type":"page","link":"https:\/\/www.abf.se\/vastra-vastmanland\/nyhetssida-4\/","title":{"rendered":"ABF V\u00e4stra V\u00e4stmanland"},"content":{"rendered":"<div\n    class=\"acf-hero-block container-lg no-padding mb-12 js-geolocation\"\n    data-block=\"hero-block\"\n    data-index=\"0\"\n>\n    <div class=\"h-[548px]  relative rounded-[32px] overflow-hidden flex bg-gray-light\">\n        <div class=\"relative z-10 mt-auto h-auto w-full md:h-full\">\n            <div class=\"flex w-full h-full flex-col flex-wrap justify-end w-full md:w-7\/12 lg:w-1\/2 md:justify-center\">\n                <div class=\"flex flex-col gap-3 md:gap-[18px] md:transparent pt-16 pb-36 md:py-8 px-4 w-full md:max-w-[620px] mx-auto px-8\">\n\n                    <h1 class=\"hero-heading hero-heading--red-text\"><span>Hantverksdag i Skinnskatteberg och K\u00f6ping den 8 februari<\/span><\/h1>\n\n                    \n                                    <\/div>\n            <\/div>\n        <\/div>\n\n                    <picture class=\"as-background-image mix-blend-multiply bg-black\/40\"><img decoding=\"async\" src=\"https:\/\/www.abf.se\/vastra-vastmanland\/resized\/?url=https%3A%2F%2Fwww.abf.se%2Fwp-content%2Fuploads%2F2024%2F04%2FKonsthantverk-Handarbete-Slojd-05.jpg&#038;fit=crop&#038;w=1440&#038;s=4c86e72132c63c9412910464f91602af\" srcset=\"https:\/\/www.abf.se\/vastra-vastmanland\/resized\/?url=https%3A%2F%2Fwww.abf.se%2Fwp-content%2Fuploads%2F2024%2F04%2FKonsthantverk-Handarbete-Slojd-05.jpg&#038;fit=crop&#038;w=375&#038;h=540&#038;s=e545b5a06ad3fda371e3d19a8e9f2aa0 375w, https:\/\/www.abf.se\/vastra-vastmanland\/resized\/?url=https%3A%2F%2Fwww.abf.se%2Fwp-content%2Fuploads%2F2024%2F04%2FKonsthantverk-Handarbete-Slojd-05.jpg&#038;fit=crop&#038;w=447&#038;h=540&#038;s=f9130808c4e5672eecd3580cca7afb6a 447w, https:\/\/www.abf.se\/vastra-vastmanland\/resized\/?url=https%3A%2F%2Fwww.abf.se%2Fwp-content%2Fuploads%2F2024%2F04%2FKonsthantverk-Handarbete-Slojd-05.jpg&#038;fit=crop&#038;w=519&#038;h=540&#038;s=6b66bf8c8c3a49827157a41e44f78c76 519w, https:\/\/www.abf.se\/vastra-vastmanland\/resized\/?url=https%3A%2F%2Fwww.abf.se%2Fwp-content%2Fuploads%2F2024%2F04%2FKonsthantverk-Handarbete-Slojd-05.jpg&#038;fit=crop&#038;w=591&#038;h=540&#038;s=186d60ca2993f36c6f5fba0ef4ef743c 591w, https:\/\/www.abf.se\/vastra-vastmanland\/resized\/?url=https%3A%2F%2Fwww.abf.se%2Fwp-content%2Fuploads%2F2024%2F04%2FKonsthantverk-Handarbete-Slojd-05.jpg&#038;fit=crop&#038;w=663&#038;h=540&#038;s=06c9e0db915bd548cebf89f6af69e9e6 663w, https:\/\/www.abf.se\/vastra-vastmanland\/resized\/?url=https%3A%2F%2Fwww.abf.se%2Fwp-content%2Fuploads%2F2024%2F04%2FKonsthantverk-Handarbete-Slojd-05.jpg&#038;fit=crop&#038;w=750&#038;h=540&#038;s=92a8e4b9da2656e6ba763672b58bb508 750w, https:\/\/www.abf.se\/vastra-vastmanland\/resized\/?url=https%3A%2F%2Fwww.abf.se%2Fwp-content%2Fuploads%2F2024%2F04%2FKonsthantverk-Handarbete-Slojd-05.jpg&#038;fit=crop&#038;w=894&#038;h=540&#038;s=046d7b044345e7173253cae7c332ea1c 894w, https:\/\/www.abf.se\/vastra-vastmanland\/resized\/?url=https%3A%2F%2Fwww.abf.se%2Fwp-content%2Fuploads%2F2024%2F04%2FKonsthantverk-Handarbete-Slojd-05.jpg&#038;fit=crop&#038;w=1038&#038;h=540&#038;s=f7798b59de6571a6c1f5d039e2546750 1038w, https:\/\/www.abf.se\/vastra-vastmanland\/resized\/?url=https%3A%2F%2Fwww.abf.se%2Fwp-content%2Fuploads%2F2024%2F04%2FKonsthantverk-Handarbete-Slojd-05.jpg&#038;fit=crop&#038;w=1182&#038;h=540&#038;s=44cedfa7251a45937a9642996d1db2af 1182w, https:\/\/www.abf.se\/vastra-vastmanland\/resized\/?url=https%3A%2F%2Fwww.abf.se%2Fwp-content%2Fuploads%2F2024%2F04%2FKonsthantverk-Handarbete-Slojd-05.jpg&#038;fit=crop&#038;w=1326&#038;h=540&#038;s=4e4a5535aedeee9dbbfbec96f16c78d5 1326w, https:\/\/www.abf.se\/vastra-vastmanland\/resized\/?url=https%3A%2F%2Fwww.abf.se%2Fwp-content%2Fuploads%2F2024%2F04%2FKonsthantverk-Handarbete-Slojd-05.jpg&#038;fit=crop&#038;w=1440&#038;h=540&#038;s=3ca91ac23c9eecd9e116f1a06434eb47 1440w\" alt=\"\" height=\"540\" width=\"1440\" sizes=\"(max-width: 1440px) calc(100vw - 32px), 1440px\" loading=\"eager\" fetchpriority=\"high\" aria-hidden=\"true\" role=\"presentation\" \/><\/picture>\n        \n\n            <\/div>\n\n    <\/div>\n\n<div\n    class=\"acf-text-image-block container my-12 md:my-15\"\n    data-block=\"text-image-block\"\n>\n    <div\n    class=\"flex flex-col items-center md:flex-row gap-8 md:gap-0 justify-between\">\n                        <div class=\"w-full md:w-1\/2 md:order-2\">\n            <picture><img decoding=\"async\" src=\"https:\/\/www.abf.se\/vastra-vastmanland\/resized\/?url=https%3A%2F%2Fwww.abf.se%2Fwp-content%2Fuploads%2Fsites%2F61%2F2024%2F12%2FNaltovning.jpg&#038;fit=crop&#038;w=578&#038;s=c1be3bf169c2439cec1061ecb80df8b3\" srcset=\"https:\/\/www.abf.se\/vastra-vastmanland\/resized\/?url=https%3A%2F%2Fwww.abf.se%2Fwp-content%2Fuploads%2Fsites%2F61%2F2024%2F12%2FNaltovning.jpg&#038;fit=crop&#038;w=144&#038;h=126&#038;s=32982edef23dceb267b8aa3694f0de7a 144w, https:\/\/www.abf.se\/vastra-vastmanland\/resized\/?url=https%3A%2F%2Fwww.abf.se%2Fwp-content%2Fuploads%2Fsites%2F61%2F2024%2F12%2FNaltovning.jpg&#038;fit=crop&#038;w=240&#038;h=211&#038;s=4c3ae9248461f747c5a630f8e0e66e27 240w, https:\/\/www.abf.se\/vastra-vastmanland\/resized\/?url=https%3A%2F%2Fwww.abf.se%2Fwp-content%2Fuploads%2Fsites%2F61%2F2024%2F12%2FNaltovning.jpg&#038;fit=crop&#038;w=288&#038;h=253&#038;s=1b45dba7f21a7855e29a537e5d9f87b9 288w, https:\/\/www.abf.se\/vastra-vastmanland\/resized\/?url=https%3A%2F%2Fwww.abf.se%2Fwp-content%2Fuploads%2Fsites%2F61%2F2024%2F12%2FNaltovning.jpg&#038;fit=crop&#038;w=336&#038;h=295&#038;s=e91e48b0b3864cb67545edbbf91be540 336w, https:\/\/www.abf.se\/vastra-vastmanland\/resized\/?url=https%3A%2F%2Fwww.abf.se%2Fwp-content%2Fuploads%2Fsites%2F61%2F2024%2F12%2FNaltovning.jpg&#038;fit=crop&#038;w=432&#038;h=380&#038;s=b6421bd245af268985216b0d761f3be7 432w, https:\/\/www.abf.se\/vastra-vastmanland\/resized\/?url=https%3A%2F%2Fwww.abf.se%2Fwp-content%2Fuploads%2Fsites%2F61%2F2024%2F12%2FNaltovning.jpg&#038;fit=crop&#038;w=480&#038;h=422&#038;s=1e61247a77db8d292a7d54f57aab05d8 480w, https:\/\/www.abf.se\/vastra-vastmanland\/resized\/?url=https%3A%2F%2Fwww.abf.se%2Fwp-content%2Fuploads%2Fsites%2F61%2F2024%2F12%2FNaltovning.jpg&#038;fit=crop&#038;w=528&#038;h=464&#038;s=e623a06d4414b62d55ac35a3567743f6 528w, https:\/\/www.abf.se\/vastra-vastmanland\/resized\/?url=https%3A%2F%2Fwww.abf.se%2Fwp-content%2Fuploads%2Fsites%2F61%2F2024%2F12%2FNaltovning.jpg&#038;fit=crop&#038;w=578&#038;h=509&#038;s=43cd379b7269fe2678e32f538ac9e312 578w, https:\/\/www.abf.se\/vastra-vastmanland\/resized\/?url=https%3A%2F%2Fwww.abf.se%2Fwp-content%2Fuploads%2Fsites%2F61%2F2024%2F12%2FNaltovning.jpg&#038;fit=crop&#038;w=672&#038;h=591&#038;s=f5ac6a3e454168c91c19cc726e012583 672w, https:\/\/www.abf.se\/vastra-vastmanland\/resized\/?url=https%3A%2F%2Fwww.abf.se%2Fwp-content%2Fuploads%2Fsites%2F61%2F2024%2F12%2FNaltovning.jpg&#038;fit=crop&#038;w=864&#038;h=760&#038;s=6219a7fdaac7d6d58890b63ae5a4442f 864w, https:\/\/www.abf.se\/vastra-vastmanland\/resized\/?url=https%3A%2F%2Fwww.abf.se%2Fwp-content%2Fuploads%2Fsites%2F61%2F2024%2F12%2FNaltovning.jpg&#038;fit=crop&#038;w=1056&#038;h=929&#038;s=481f7ea2456df0571b53a3423ae07af6 1056w\" alt=\"Kyckling\" height=\"509\" width=\"578\" sizes=\"auto, (max-width: 768px) 100vw,\n                (max-width: 1280px) 50vw, 578px\" loading=\"lazy\" fetchpriority=\"low\" \/><\/picture>\n\n        <\/div>\n        \n        <div class=\"w-full md:w-1\/2 md:order-1\">\n        <div class=\"mx-auto md:max-w-[368px]\">\n            <h2 class=\"heading-lg\">V\u00e4lkomna till en sp\u00e4nnande och givande dag!<\/h2>\n            <div class=\"mb-6 mt-4 wysiwyg\">\n                <p>KL. 10:00-14:00<br \/>\nAnm\u00e4lan via hemsidan eller drop-in f\u00f6r att delta.<\/p>\n<p>I K\u00f6ping kan du v\u00e4lj bland annat mellan: N\u00e5ltovning, scrapbooking, akvarell och keramik.<br \/>\nOch i Skinnskatteberg erbjuder vi : Stickning,\u00a0 flugbindning, virkning, ordspr\u00e5ksbroderi med mera.<\/p>\n<p>Vi bjuder alla deltagare p\u00e5 fika.<\/p>\n<p>K\u00f6ping- Humlan, Hummelb\u00e4cksgatan 3<br \/>\nSkinnskatteberg- ABF, Centralv\u00e4gen 5<\/p>\n\n            <\/div>\n                    <\/div>\n        <\/div>\n    <\/div>\n<\/div>","protected":false},"excerpt":{"rendered":"","protected":false},"author":98,"featured_media":0,"parent":0,"menu_order":0,"comment_status":"closed","ping_status":"closed","template":"","meta":{"_acf_changed":false,"footnotes":""},"class_list":["post-276","page","type-page","status-publish","hentry"],"acf":[],"yoast_head":"<!-- This site is optimized with the Yoast SEO plugin v27.0 - https:\/\/yoast.com\/product\/yoast-seo-wordpress\/ -->\n<title>ABF V\u00e4stra V\u00e4stmanland - V\u00e4stra V\u00e4stmanland<\/title>\n<meta name=\"robots\" content=\"index, follow, max-snippet:-1, max-image-preview:large, max-video-preview:-1\" \/>\n<link rel=\"canonical\" href=\"https:\/\/www.abf.se\/vastra-vastmanland\/nyhetssida-4\/\" \/>\n<meta property=\"og:locale\" content=\"sv_SE\" \/>\n<meta property=\"og:type\" content=\"article\" \/>\n<meta property=\"og:title\" content=\"ABF V\u00e4stra V\u00e4stmanland - V\u00e4stra V\u00e4stmanland\" \/>\n<meta property=\"og:url\" content=\"https:\/\/www.abf.se\/vastra-vastmanland\/nyhetssida-4\/\" \/>\n<meta property=\"og:site_name\" content=\"V\u00e4stra V\u00e4stmanland\" \/>\n<meta property=\"article:modified_time\" content=\"2025-01-28T12:58:39+00:00\" \/>\n<meta property=\"og:image\" content=\"https:\/\/www.abf.se\/wp-content\/uploads\/sites\/61\/2024\/04\/Nyckeln-liggande-scaled.jpg\" \/>\n\t<meta property=\"og:image:width\" content=\"2560\" \/>\n\t<meta property=\"og:image:height\" content=\"1440\" \/>\n\t<meta property=\"og:image:type\" content=\"image\/jpeg\" \/>\n<meta name=\"twitter:card\" content=\"summary_large_image\" \/>\n<script type=\"application\/ld+json\" class=\"yoast-schema-graph\">{\"@context\":\"https:\/\/schema.org\",\"@graph\":[{\"@type\":\"WebPage\",\"@id\":\"https:\/\/www.abf.se\/vastra-vastmanland\/nyhetssida-4\/\",\"url\":\"https:\/\/www.abf.se\/vastra-vastmanland\/nyhetssida-4\/\",\"name\":\"ABF V\u00e4stra V\u00e4stmanland - V\u00e4stra V\u00e4stmanland\",\"isPartOf\":{\"@id\":\"https:\/\/www.abf.se\/vastra-vastmanland\/#website\"},\"datePublished\":\"2024-04-12T06:25:08+00:00\",\"dateModified\":\"2025-01-28T12:58:39+00:00\",\"breadcrumb\":{\"@id\":\"https:\/\/www.abf.se\/vastra-vastmanland\/nyhetssida-4\/#breadcrumb\"},\"inLanguage\":\"sv-SE\",\"potentialAction\":[{\"@type\":\"ReadAction\",\"target\":[\"https:\/\/www.abf.se\/vastra-vastmanland\/nyhetssida-4\/\"]}]},{\"@type\":\"BreadcrumbList\",\"@id\":\"https:\/\/www.abf.se\/vastra-vastmanland\/nyhetssida-4\/#breadcrumb\",\"itemListElement\":[{\"@type\":\"ListItem\",\"position\":1,\"name\":\"Home\",\"item\":\"https:\/\/www.abf.se\/vastra-vastmanland\/\"},{\"@type\":\"ListItem\",\"position\":2,\"name\":\"ABF V\u00e4stra V\u00e4stmanland\"}]},{\"@type\":\"WebSite\",\"@id\":\"https:\/\/www.abf.se\/vastra-vastmanland\/#website\",\"url\":\"https:\/\/www.abf.se\/vastra-vastmanland\/\",\"name\":\"V\u00e4stra V\u00e4stmanland\",\"description\":\"\",\"potentialAction\":[{\"@type\":\"SearchAction\",\"target\":{\"@type\":\"EntryPoint\",\"urlTemplate\":\"https:\/\/www.abf.se\/vastra-vastmanland\/?s={search_term_string}\"},\"query-input\":{\"@type\":\"PropertyValueSpecification\",\"valueRequired\":true,\"valueName\":\"search_term_string\"}}],\"inLanguage\":\"sv-SE\"}]}<\/script>\n<!-- \/ Yoast SEO plugin. -->","yoast_head_json":{"title":"ABF V\u00e4stra V\u00e4stmanland - V\u00e4stra V\u00e4stmanland","robots":{"index":"index","follow":"follow","max-snippet":"max-snippet:-1","max-image-preview":"max-image-preview:large","max-video-preview":"max-video-preview:-1"},"canonical":"https:\/\/www.abf.se\/vastra-vastmanland\/nyhetssida-4\/","og_locale":"sv_SE","og_type":"article","og_title":"ABF V\u00e4stra V\u00e4stmanland - V\u00e4stra V\u00e4stmanland","og_url":"https:\/\/www.abf.se\/vastra-vastmanland\/nyhetssida-4\/","og_site_name":"V\u00e4stra V\u00e4stmanland","article_modified_time":"2025-01-28T12:58:39+00:00","og_image":[{"width":2560,"height":1440,"url":"https:\/\/www.abf.se\/wp-content\/uploads\/sites\/61\/2024\/04\/Nyckeln-liggande-scaled.jpg","type":"image\/jpeg"}],"twitter_card":"summary_large_image","schema":{"@context":"https:\/\/schema.org","@graph":[{"@type":"WebPage","@id":"https:\/\/www.abf.se\/vastra-vastmanland\/nyhetssida-4\/","url":"https:\/\/www.abf.se\/vastra-vastmanland\/nyhetssida-4\/","name":"ABF V\u00e4stra V\u00e4stmanland - V\u00e4stra V\u00e4stmanland","isPartOf":{"@id":"https:\/\/www.abf.se\/vastra-vastmanland\/#website"},"datePublished":"2024-04-12T06:25:08+00:00","dateModified":"2025-01-28T12:58:39+00:00","breadcrumb":{"@id":"https:\/\/www.abf.se\/vastra-vastmanland\/nyhetssida-4\/#breadcrumb"},"inLanguage":"sv-SE","potentialAction":[{"@type":"ReadAction","target":["https:\/\/www.abf.se\/vastra-vastmanland\/nyhetssida-4\/"]}]},{"@type":"BreadcrumbList","@id":"https:\/\/www.abf.se\/vastra-vastmanland\/nyhetssida-4\/#breadcrumb","itemListElement":[{"@type":"ListItem","position":1,"name":"Home","item":"https:\/\/www.abf.se\/vastra-vastmanland\/"},{"@type":"ListItem","position":2,"name":"ABF V\u00e4stra V\u00e4stmanland"}]},{"@type":"WebSite","@id":"https:\/\/www.abf.se\/vastra-vastmanland\/#website","url":"https:\/\/www.abf.se\/vastra-vastmanland\/","name":"V\u00e4stra V\u00e4stmanland","description":"","potentialAction":[{"@type":"SearchAction","target":{"@type":"EntryPoint","urlTemplate":"https:\/\/www.abf.se\/vastra-vastmanland\/?s={search_term_string}"},"query-input":{"@type":"PropertyValueSpecification","valueRequired":true,"valueName":"search_term_string"}}],"inLanguage":"sv-SE"}]}},"_links":{"self":[{"href":"https:\/\/www.abf.se\/vastra-vastmanland\/wp-json\/wp\/v2\/pages\/276","targetHints":{"allow":["GET"]}}],"collection":[{"href":"https:\/\/www.abf.se\/vastra-vastmanland\/wp-json\/wp\/v2\/pages"}],"about":[{"href":"https:\/\/www.abf.se\/vastra-vastmanland\/wp-json\/wp\/v2\/types\/page"}],"author":[{"embeddable":true,"href":"https:\/\/www.abf.se\/vastra-vastmanland\/wp-json\/wp\/v2\/users\/98"}],"replies":[{"embeddable":true,"href":"https:\/\/www.abf.se\/vastra-vastmanland\/wp-json\/wp\/v2\/comments?post=276"}],"version-history":[{"count":7,"href":"https:\/\/www.abf.se\/vastra-vastmanland\/wp-json\/wp\/v2\/pages\/276\/revisions"}],"predecessor-version":[{"id":699,"href":"https:\/\/www.abf.se\/vastra-vastmanland\/wp-json\/wp\/v2\/pages\/276\/revisions\/699"}],"wp:attachment":[{"href":"https:\/\/www.abf.se\/vastra-vastmanland\/wp-json\/wp\/v2\/media?parent=276"}],"curies":[{"name":"wp","href":"https:\/\/api.w.org\/{rel}","templated":true}]}}