{"id":335,"date":"2024-04-17T14:22:06","date_gmt":"2024-04-17T12:22:06","guid":{"rendered":"https:\/\/www.abf.se\/vastra-vastmanland\/?page_id=335"},"modified":"2025-01-28T14:10:18","modified_gmt":"2025-01-28T13:10:18","slug":"studiecirkel","status":"publish","type":"page","link":"https:\/\/www.abf.se\/vastra-vastmanland\/studiecirkel\/","title":{"rendered":"Studiecirkel"},"content":{"rendered":"<div\n    class=\"acf-hero-block container-lg no-padding mb-12 js-geolocation\"\n    data-block=\"hero-block\"\n    data-index=\"0\"\n>\n    <div class=\"h-[548px]  relative rounded-[32px] overflow-hidden flex bg-gray-light\">\n        <div class=\"relative z-10 mt-auto h-auto w-full md:h-full\">\n            <div class=\"flex w-full h-full flex-col flex-wrap justify-end w-full md:w-7\/12 lg:w-1\/2 md:justify-center\">\n                <div class=\"flex flex-col gap-3 md:gap-[18px] md:transparent pt-16 pb-36 md:py-8 px-4 w-full md:max-w-[620px] mx-auto px-8\">\n\n                    <h1 class=\"hero-heading hero-heading--red-text\"><span>Studiecirkeln<\/span><\/h1>\n\n                    \n                                    <\/div>\n            <\/div>\n        <\/div>\n\n                    <picture class=\"as-background-image mix-blend-multiply bg-black\/40\"><img decoding=\"async\" src=\"https:\/\/www.abf.se\/vastra-vastmanland\/resized\/?url=https%3A%2F%2Fwww.abf.se%2Fwp-content%2Fuploads%2F2023%2F11%2FKonstnaren-liggande_IMGP.jpg&#038;fit=crop&#038;w=1440&#038;s=73461dd66725d2dcd0883cd4f3b2929d\" srcset=\"https:\/\/www.abf.se\/vastra-vastmanland\/resized\/?url=https%3A%2F%2Fwww.abf.se%2Fwp-content%2Fuploads%2F2023%2F11%2FKonstnaren-liggande_IMGP.jpg&#038;fit=crop&#038;w=375&#038;h=540&#038;s=acdd43a50f7f054a7ebfca7e963d95d7 375w, https:\/\/www.abf.se\/vastra-vastmanland\/resized\/?url=https%3A%2F%2Fwww.abf.se%2Fwp-content%2Fuploads%2F2023%2F11%2FKonstnaren-liggande_IMGP.jpg&#038;fit=crop&#038;w=447&#038;h=540&#038;s=7a235b4dada2a29efaca84d538bb8d9c 447w, https:\/\/www.abf.se\/vastra-vastmanland\/resized\/?url=https%3A%2F%2Fwww.abf.se%2Fwp-content%2Fuploads%2F2023%2F11%2FKonstnaren-liggande_IMGP.jpg&#038;fit=crop&#038;w=519&#038;h=540&#038;s=7757466a907a0598d2d977268259a152 519w, https:\/\/www.abf.se\/vastra-vastmanland\/resized\/?url=https%3A%2F%2Fwww.abf.se%2Fwp-content%2Fuploads%2F2023%2F11%2FKonstnaren-liggande_IMGP.jpg&#038;fit=crop&#038;w=591&#038;h=540&#038;s=f2d60f4f529843d2b89c080d391cc764 591w, https:\/\/www.abf.se\/vastra-vastmanland\/resized\/?url=https%3A%2F%2Fwww.abf.se%2Fwp-content%2Fuploads%2F2023%2F11%2FKonstnaren-liggande_IMGP.jpg&#038;fit=crop&#038;w=663&#038;h=540&#038;s=327176ecf64ad154b2ab3a5071838722 663w, https:\/\/www.abf.se\/vastra-vastmanland\/resized\/?url=https%3A%2F%2Fwww.abf.se%2Fwp-content%2Fuploads%2F2023%2F11%2FKonstnaren-liggande_IMGP.jpg&#038;fit=crop&#038;w=750&#038;h=540&#038;s=372a3fd54bd294479204aaa6e008eb10 750w, https:\/\/www.abf.se\/vastra-vastmanland\/resized\/?url=https%3A%2F%2Fwww.abf.se%2Fwp-content%2Fuploads%2F2023%2F11%2FKonstnaren-liggande_IMGP.jpg&#038;fit=crop&#038;w=894&#038;h=540&#038;s=36c5b11aaf57e5dc3d5ffaea910a3191 894w, https:\/\/www.abf.se\/vastra-vastmanland\/resized\/?url=https%3A%2F%2Fwww.abf.se%2Fwp-content%2Fuploads%2F2023%2F11%2FKonstnaren-liggande_IMGP.jpg&#038;fit=crop&#038;w=1038&#038;h=540&#038;s=0dcb1b9bec61d04876dcd3d808dcad12 1038w, https:\/\/www.abf.se\/vastra-vastmanland\/resized\/?url=https%3A%2F%2Fwww.abf.se%2Fwp-content%2Fuploads%2F2023%2F11%2FKonstnaren-liggande_IMGP.jpg&#038;fit=crop&#038;w=1182&#038;h=540&#038;s=b6afdc62ed2b8bcedc1d8836c6a80a56 1182w, https:\/\/www.abf.se\/vastra-vastmanland\/resized\/?url=https%3A%2F%2Fwww.abf.se%2Fwp-content%2Fuploads%2F2023%2F11%2FKonstnaren-liggande_IMGP.jpg&#038;fit=crop&#038;w=1326&#038;h=540&#038;s=66b23ed510992eed029041a057446b46 1326w, https:\/\/www.abf.se\/vastra-vastmanland\/resized\/?url=https%3A%2F%2Fwww.abf.se%2Fwp-content%2Fuploads%2F2023%2F11%2FKonstnaren-liggande_IMGP.jpg&#038;fit=crop&#038;w=1440&#038;h=540&#038;s=57e2c827bc0edf447704c0e6bd0fe3a4 1440w\" alt=\"\" height=\"540\" width=\"1440\" sizes=\"(max-width: 1440px) calc(100vw - 32px), 1440px\" loading=\"eager\" fetchpriority=\"high\" aria-hidden=\"true\" role=\"presentation\" \/><\/picture>\n        \n\n            <\/div>\n\n    <\/div>\n\n<div\n    class=\"acf-text-image-block container bg-gray-light py-12 md:py-15\"\n    data-block=\"text-image-block\"\n>\n    <div\n    class=\"flex flex-col items-center md:flex-row gap-8 md:gap-0 justify-center\">\n        \n        <div class=\"w-full md:w-1\/2 md:order-2\">\n        <div class=\"mx-auto md:max-w-[368px]\">\n            <h2 class=\"heading-lg\">Det flexibla s\u00e4ttet!<\/h2>\n            <div class=\"mb-6 mt-4 wysiwyg\">\n                <p>En studiecirkel \u00e4r ett flexibelt s\u00e4tt att l\u00e4ra d\u00e4r varje deltagares erfarenhet och kunskap \u00e4r viktig f\u00f6r den fortsatta kunskapsresan.<br \/>\nI studiecirkeln \u00e4r deltagarna med och best\u00e4mmer var, n\u00e4r och hur man ska tr\u00e4ffas. Man kan ha en studiecirkel med m\u00e5nga tr\u00e4ffar eller en treg\u00e5ngerscirkel f\u00f6r deltagare som inte vill binda upp sig en l\u00e4ngre tid.<br \/>\nMan kan tr\u00e4ffas p\u00e5 en fast tid i ett studierum, l\u00e4ra p\u00e5 distans via ett webbaserat forum eller kombinera vanliga tr\u00e4ffar med webbtr\u00e4ffar. Cirkelledaren fungerar som inspirat\u00f6r och sammanh\u00e5llande kraft.<\/p>\n<p><strong><em>Regler och riktlinjer<\/em><\/strong><em><br \/>\n<\/em>Deltagaren:<br \/>\nEn studiecirkel m\u00e5ste ha minst tre deltagare inklusive cirkelledaren. Vi rekommenderar h\u00f6gst tolv deltagare i en studiecirkel. F\u00f6r att vara godk\u00e4nd som deltagare m\u00e5ste man under \u00e5ret fylla minst 13 \u00e5r.<br \/>\nF\u00f6r att r\u00e4knas m\u00e5ste man ha deltagit minst tre g\u00e5nger varav minst en g\u00e5ng under de tre f\u00f6rsta sammankomsterna. Deltar man i en treg\u00e5ngerscirkel m\u00e5ste man allts\u00e5 vara med alla tre g\u00e5ngerna.<\/p>\n<p>Cirkelledaren:<br \/>\nCirkelledaren ska godk\u00e4nnas av ABF-avdelningen och erbjudas en introduktionsutbildning. N\u00e4rvarolistan Cirkelledaren fyller i en n\u00e4rvarolista vid varje cirkeltr\u00e4ff. Om cirkelledaren \u00e4r sjuk sk\u00f6ter vikarien n\u00e4rvarolistan och skriver under p\u00e5 en s\u00e4rskild rad. Listan ska fyllas i med bl\u00e4ckpenna. Tidsregler<\/p>\n<ul>\n<li>Cirkeln m\u00e5ste p\u00e5g\u00e5 minst tre sammankomster med sammanlagt minst nio studietimmar (en studietimme = 45 minuter).<\/li>\n<li>Under en vecka f\u00e5r en cirkel maximalt ha tre tr\u00e4ffar med fyra timmar per g\u00e5ng.<\/li>\n<li>Om n\u00e5gon deltar i tv\u00e5 eller flera studiecirklar f\u00e5r timantalet inte \u00f6verskrida \u00e5tta timmar per dag.<\/li>\n<li>Samma grupp personer f\u00e5r inte ha en cirkel i mer \u00e4n 40 veckor under ett \u00e5r oavsett om man byter \u00e4mne.<\/li>\n<li>Det ska finnas tid f\u00f6r eftertanke och reflektion mellan sammankomsterna.<\/li>\n<li>F\u00f6r att ge utrymme f\u00f6r f\u00f6rdjupning och reflektion beh\u00f6ver cirkeln arbeta under en l\u00e4ngre tid.<\/li>\n<\/ul>\n<p>Studiematerial\/Arbetsplan:<br \/>\nVid cirkelns b\u00f6rjan planerar deltagarna och ledaren gemensamt sitt studiearbete. Deltagarna ska ha tillg\u00e5ng till studiematerial och\/eller studie-\/arbetsplan. ABF ska godk\u00e4nna b\u00e5de arbetets inriktning och gruppens ledare.<br \/>\nBland det viktigaste med arbetsplanen \u00e4r att se vad man ska g\u00f6ra vid de olika sammankomsterna. I planen skriver man upp vilka m\u00e5l man har, vilka metoder man t\u00e4nkt sig att anv\u00e4nda och vilken typ av material, b\u00f6cker, film, tidningsurklipp som ing\u00e5r.<\/p>\n\n            <\/div>\n                    <\/div>\n        <\/div>\n    <\/div>\n<\/div>","protected":false},"excerpt":{"rendered":"","protected":false},"author":98,"featured_media":0,"parent":0,"menu_order":0,"comment_status":"closed","ping_status":"closed","template":"","meta":{"_acf_changed":false,"footnotes":""},"class_list":["post-335","page","type-page","status-publish","hentry"],"acf":[],"yoast_head":"<!-- This site is optimized with the Yoast SEO plugin v27.0 - https:\/\/yoast.com\/product\/yoast-seo-wordpress\/ -->\n<title>Studiecirkel - V\u00e4stra V\u00e4stmanland<\/title>\n<meta name=\"robots\" content=\"index, follow, max-snippet:-1, max-image-preview:large, max-video-preview:-1\" \/>\n<link rel=\"canonical\" href=\"https:\/\/www.abf.se\/vastra-vastmanland\/studiecirkel\/\" \/>\n<meta property=\"og:locale\" content=\"sv_SE\" \/>\n<meta property=\"og:type\" content=\"article\" \/>\n<meta property=\"og:title\" content=\"Studiecirkel - V\u00e4stra V\u00e4stmanland\" \/>\n<meta property=\"og:url\" content=\"https:\/\/www.abf.se\/vastra-vastmanland\/studiecirkel\/\" \/>\n<meta property=\"og:site_name\" content=\"V\u00e4stra V\u00e4stmanland\" \/>\n<meta property=\"article:modified_time\" content=\"2025-01-28T13:10:18+00:00\" \/>\n<meta property=\"og:image\" content=\"https:\/\/www.abf.se\/wp-content\/uploads\/sites\/61\/2024\/04\/Nyckeln-liggande-scaled.jpg\" \/>\n\t<meta property=\"og:image:width\" content=\"2560\" \/>\n\t<meta property=\"og:image:height\" content=\"1440\" \/>\n\t<meta property=\"og:image:type\" content=\"image\/jpeg\" \/>\n<meta name=\"twitter:card\" content=\"summary_large_image\" \/>\n<script type=\"application\/ld+json\" class=\"yoast-schema-graph\">{\"@context\":\"https:\/\/schema.org\",\"@graph\":[{\"@type\":\"WebPage\",\"@id\":\"https:\/\/www.abf.se\/vastra-vastmanland\/studiecirkel\/\",\"url\":\"https:\/\/www.abf.se\/vastra-vastmanland\/studiecirkel\/\",\"name\":\"Studiecirkel - V\u00e4stra V\u00e4stmanland\",\"isPartOf\":{\"@id\":\"https:\/\/www.abf.se\/vastra-vastmanland\/#website\"},\"datePublished\":\"2024-04-17T12:22:06+00:00\",\"dateModified\":\"2025-01-28T13:10:18+00:00\",\"breadcrumb\":{\"@id\":\"https:\/\/www.abf.se\/vastra-vastmanland\/studiecirkel\/#breadcrumb\"},\"inLanguage\":\"sv-SE\",\"potentialAction\":[{\"@type\":\"ReadAction\",\"target\":[\"https:\/\/www.abf.se\/vastra-vastmanland\/studiecirkel\/\"]}]},{\"@type\":\"BreadcrumbList\",\"@id\":\"https:\/\/www.abf.se\/vastra-vastmanland\/studiecirkel\/#breadcrumb\",\"itemListElement\":[{\"@type\":\"ListItem\",\"position\":1,\"name\":\"Home\",\"item\":\"https:\/\/www.abf.se\/vastra-vastmanland\/\"},{\"@type\":\"ListItem\",\"position\":2,\"name\":\"Studiecirkel\"}]},{\"@type\":\"WebSite\",\"@id\":\"https:\/\/www.abf.se\/vastra-vastmanland\/#website\",\"url\":\"https:\/\/www.abf.se\/vastra-vastmanland\/\",\"name\":\"V\u00e4stra V\u00e4stmanland\",\"description\":\"\",\"potentialAction\":[{\"@type\":\"SearchAction\",\"target\":{\"@type\":\"EntryPoint\",\"urlTemplate\":\"https:\/\/www.abf.se\/vastra-vastmanland\/?s={search_term_string}\"},\"query-input\":{\"@type\":\"PropertyValueSpecification\",\"valueRequired\":true,\"valueName\":\"search_term_string\"}}],\"inLanguage\":\"sv-SE\"}]}<\/script>\n<!-- \/ Yoast SEO plugin. -->","yoast_head_json":{"title":"Studiecirkel - V\u00e4stra V\u00e4stmanland","robots":{"index":"index","follow":"follow","max-snippet":"max-snippet:-1","max-image-preview":"max-image-preview:large","max-video-preview":"max-video-preview:-1"},"canonical":"https:\/\/www.abf.se\/vastra-vastmanland\/studiecirkel\/","og_locale":"sv_SE","og_type":"article","og_title":"Studiecirkel - V\u00e4stra V\u00e4stmanland","og_url":"https:\/\/www.abf.se\/vastra-vastmanland\/studiecirkel\/","og_site_name":"V\u00e4stra V\u00e4stmanland","article_modified_time":"2025-01-28T13:10:18+00:00","og_image":[{"width":2560,"height":1440,"url":"https:\/\/www.abf.se\/wp-content\/uploads\/sites\/61\/2024\/04\/Nyckeln-liggande-scaled.jpg","type":"image\/jpeg"}],"twitter_card":"summary_large_image","schema":{"@context":"https:\/\/schema.org","@graph":[{"@type":"WebPage","@id":"https:\/\/www.abf.se\/vastra-vastmanland\/studiecirkel\/","url":"https:\/\/www.abf.se\/vastra-vastmanland\/studiecirkel\/","name":"Studiecirkel - V\u00e4stra V\u00e4stmanland","isPartOf":{"@id":"https:\/\/www.abf.se\/vastra-vastmanland\/#website"},"datePublished":"2024-04-17T12:22:06+00:00","dateModified":"2025-01-28T13:10:18+00:00","breadcrumb":{"@id":"https:\/\/www.abf.se\/vastra-vastmanland\/studiecirkel\/#breadcrumb"},"inLanguage":"sv-SE","potentialAction":[{"@type":"ReadAction","target":["https:\/\/www.abf.se\/vastra-vastmanland\/studiecirkel\/"]}]},{"@type":"BreadcrumbList","@id":"https:\/\/www.abf.se\/vastra-vastmanland\/studiecirkel\/#breadcrumb","itemListElement":[{"@type":"ListItem","position":1,"name":"Home","item":"https:\/\/www.abf.se\/vastra-vastmanland\/"},{"@type":"ListItem","position":2,"name":"Studiecirkel"}]},{"@type":"WebSite","@id":"https:\/\/www.abf.se\/vastra-vastmanland\/#website","url":"https:\/\/www.abf.se\/vastra-vastmanland\/","name":"V\u00e4stra V\u00e4stmanland","description":"","potentialAction":[{"@type":"SearchAction","target":{"@type":"EntryPoint","urlTemplate":"https:\/\/www.abf.se\/vastra-vastmanland\/?s={search_term_string}"},"query-input":{"@type":"PropertyValueSpecification","valueRequired":true,"valueName":"search_term_string"}}],"inLanguage":"sv-SE"}]}},"_links":{"self":[{"href":"https:\/\/www.abf.se\/vastra-vastmanland\/wp-json\/wp\/v2\/pages\/335","targetHints":{"allow":["GET"]}}],"collection":[{"href":"https:\/\/www.abf.se\/vastra-vastmanland\/wp-json\/wp\/v2\/pages"}],"about":[{"href":"https:\/\/www.abf.se\/vastra-vastmanland\/wp-json\/wp\/v2\/types\/page"}],"author":[{"embeddable":true,"href":"https:\/\/www.abf.se\/vastra-vastmanland\/wp-json\/wp\/v2\/users\/98"}],"replies":[{"embeddable":true,"href":"https:\/\/www.abf.se\/vastra-vastmanland\/wp-json\/wp\/v2\/comments?post=335"}],"version-history":[{"count":7,"href":"https:\/\/www.abf.se\/vastra-vastmanland\/wp-json\/wp\/v2\/pages\/335\/revisions"}],"predecessor-version":[{"id":707,"href":"https:\/\/www.abf.se\/vastra-vastmanland\/wp-json\/wp\/v2\/pages\/335\/revisions\/707"}],"wp:attachment":[{"href":"https:\/\/www.abf.se\/vastra-vastmanland\/wp-json\/wp\/v2\/media?parent=335"}],"curies":[{"name":"wp","href":"https:\/\/api.w.org\/{rel}","templated":true}]}}