{"id":339,"date":"2024-04-17T14:22:31","date_gmt":"2024-04-17T12:22:31","guid":{"rendered":"https:\/\/www.abf.se\/vastra-vastmanland\/?page_id=339"},"modified":"2025-01-28T14:14:55","modified_gmt":"2025-01-28T13:14:55","slug":"annan-folkbildning","status":"publish","type":"page","link":"https:\/\/www.abf.se\/vastra-vastmanland\/annan-folkbildning\/","title":{"rendered":"Annan folkbildning"},"content":{"rendered":"<div\n    class=\"acf-hero-block container-lg no-padding mb-12 js-geolocation\"\n    data-block=\"hero-block\"\n    data-index=\"0\"\n>\n    <div class=\"h-[548px]  relative rounded-[32px] overflow-hidden flex bg-gray-light\">\n        <div class=\"relative z-10 mt-auto h-auto w-full md:h-full\">\n            <div class=\"flex w-full h-full flex-col flex-wrap justify-end w-full md:w-7\/12 lg:w-1\/2 md:justify-center\">\n                <div class=\"flex flex-col gap-3 md:gap-[18px] md:transparent pt-16 pb-36 md:py-8 px-4 w-full md:max-w-[620px] mx-auto px-8\">\n\n                    <h1 class=\"hero-heading hero-heading--red-text\"><span>Annan folkbildning<\/span><\/h1>\n\n                    \n                                    <\/div>\n            <\/div>\n        <\/div>\n\n                    <picture class=\"as-background-image mix-blend-multiply bg-black\/40\"><img decoding=\"async\" src=\"https:\/\/www.abf.se\/vastra-vastmanland\/resized\/?url=https%3A%2F%2Fwww.abf.se%2Fwp-content%2Fuploads%2F2023%2F11%2FTrion-liggande_IMGP.jpg&#038;fit=crop&#038;w=1440&#038;s=a7f51792ec937614cb940e79b276ba83\" srcset=\"https:\/\/www.abf.se\/vastra-vastmanland\/resized\/?url=https%3A%2F%2Fwww.abf.se%2Fwp-content%2Fuploads%2F2023%2F11%2FTrion-liggande_IMGP.jpg&#038;fit=crop&#038;w=375&#038;h=540&#038;s=4668a83b67c9deaae527b55fbc9f952b 375w, https:\/\/www.abf.se\/vastra-vastmanland\/resized\/?url=https%3A%2F%2Fwww.abf.se%2Fwp-content%2Fuploads%2F2023%2F11%2FTrion-liggande_IMGP.jpg&#038;fit=crop&#038;w=447&#038;h=540&#038;s=2009488c0d55ee71ac88a4d484aaa970 447w, https:\/\/www.abf.se\/vastra-vastmanland\/resized\/?url=https%3A%2F%2Fwww.abf.se%2Fwp-content%2Fuploads%2F2023%2F11%2FTrion-liggande_IMGP.jpg&#038;fit=crop&#038;w=519&#038;h=540&#038;s=391c729f7f81bf498a4f6dac2ecf8d89 519w, https:\/\/www.abf.se\/vastra-vastmanland\/resized\/?url=https%3A%2F%2Fwww.abf.se%2Fwp-content%2Fuploads%2F2023%2F11%2FTrion-liggande_IMGP.jpg&#038;fit=crop&#038;w=591&#038;h=540&#038;s=fa3e578ddcac5e4a3bdf5ffc0e1898b8 591w, https:\/\/www.abf.se\/vastra-vastmanland\/resized\/?url=https%3A%2F%2Fwww.abf.se%2Fwp-content%2Fuploads%2F2023%2F11%2FTrion-liggande_IMGP.jpg&#038;fit=crop&#038;w=663&#038;h=540&#038;s=892cb72cbbbda1dfe22b7109ec27c2e6 663w, https:\/\/www.abf.se\/vastra-vastmanland\/resized\/?url=https%3A%2F%2Fwww.abf.se%2Fwp-content%2Fuploads%2F2023%2F11%2FTrion-liggande_IMGP.jpg&#038;fit=crop&#038;w=750&#038;h=540&#038;s=b75e1d8aa29fdd449eca18014c44ba38 750w, https:\/\/www.abf.se\/vastra-vastmanland\/resized\/?url=https%3A%2F%2Fwww.abf.se%2Fwp-content%2Fuploads%2F2023%2F11%2FTrion-liggande_IMGP.jpg&#038;fit=crop&#038;w=894&#038;h=540&#038;s=9663f7a36d5d673ae0dc9f9e178751de 894w, https:\/\/www.abf.se\/vastra-vastmanland\/resized\/?url=https%3A%2F%2Fwww.abf.se%2Fwp-content%2Fuploads%2F2023%2F11%2FTrion-liggande_IMGP.jpg&#038;fit=crop&#038;w=1038&#038;h=540&#038;s=09f963809e47dd53e60a593a992e7513 1038w, https:\/\/www.abf.se\/vastra-vastmanland\/resized\/?url=https%3A%2F%2Fwww.abf.se%2Fwp-content%2Fuploads%2F2023%2F11%2FTrion-liggande_IMGP.jpg&#038;fit=crop&#038;w=1182&#038;h=540&#038;s=6205cd001d0d50afd895886e0038fd33 1182w, https:\/\/www.abf.se\/vastra-vastmanland\/resized\/?url=https%3A%2F%2Fwww.abf.se%2Fwp-content%2Fuploads%2F2023%2F11%2FTrion-liggande_IMGP.jpg&#038;fit=crop&#038;w=1326&#038;h=540&#038;s=ef7431775355fe5a163295b043cb2b2c 1326w, https:\/\/www.abf.se\/vastra-vastmanland\/resized\/?url=https%3A%2F%2Fwww.abf.se%2Fwp-content%2Fuploads%2F2023%2F11%2FTrion-liggande_IMGP.jpg&#038;fit=crop&#038;w=1440&#038;h=540&#038;s=fa6d9f2675fd4b9b979174cbcaff02aa 1440w\" alt=\"\" height=\"540\" width=\"1440\" sizes=\"(max-width: 1440px) calc(100vw - 32px), 1440px\" loading=\"eager\" fetchpriority=\"high\" aria-hidden=\"true\" role=\"presentation\" \/><\/picture>\n        \n\n            <\/div>\n\n    <\/div>\n\n<div\n    class=\"acf-text-image-block container bg-gray-light py-12 md:py-15\"\n    data-block=\"text-image-block\"\n>\n    <div\n    class=\"flex flex-col items-center md:flex-row gap-8 md:gap-0 justify-center\">\n        \n        <div class=\"w-full md:w-1\/2 md:order-1\">\n        <div class=\"mx-auto md:max-w-[368px]\">\n            <h2 class=\"heading-lg\">Friare former<\/h2>\n            <div class=\"mb-6 mt-4 wysiwyg\">\n                <p>N\u00e4r man vill bilda sig men \u00f6nskar en annan form \u00e4n studiecirkeln, d\u00e5 \u00e4r det annan folkbildningsverksamhet man v\u00e4ljer.<strong><br \/>\n<\/strong><br \/>\nAnnan folkbildningsverksamhet kan genomf\u00f6ras i friare former \u00e4n studiecirkeln.\u00a0Sammankomsterna kan best\u00e5 av ett enda tillf\u00e4lle, vara l\u00e4ngre, ske oftare eller handla om olika saker varje g\u00e5ng. Under denna rubrik kan man exempelvis arrangera tematr\u00e4ffar, pr\u00f6va-p\u00e5-dagar eller kurser.<\/p>\n<p><strong><em>Regler och riktlinjer<\/em><\/strong><strong><br \/>\n<\/strong>Deltagaren:<br \/>\nDet kan finnas fler deltagare \u00e4n i en studiecirkel, men minimum \u00e4r tre deltagare inklusive ledaren. Deltagarna kan vara yngre \u00e4n 13 \u00e5r.<\/p>\n<p>Studiematerial\/Arbetsplan:<br \/>\nVid aktivitetens b\u00f6rjan planerar deltagarna och ledaren gemensamt sitt studiearbete. Deltagarna ska ha tillg\u00e5ng till studiematerial och\/eller studie-\/arbetsplan. ABF ska godk\u00e4nna b\u00e5de arbetets inriktning och gruppens ledare.<\/p>\n<p>&nbsp;<\/p>\n\n            <\/div>\n                    <\/div>\n        <\/div>\n    <\/div>\n<\/div>","protected":false},"excerpt":{"rendered":"","protected":false},"author":98,"featured_media":0,"parent":0,"menu_order":0,"comment_status":"closed","ping_status":"closed","template":"","meta":{"_acf_changed":false,"footnotes":""},"class_list":["post-339","page","type-page","status-publish","hentry"],"acf":[],"yoast_head":"<!-- This site is optimized with the Yoast SEO plugin v27.0 - https:\/\/yoast.com\/product\/yoast-seo-wordpress\/ -->\n<title>Annan folkbildning - V\u00e4stra V\u00e4stmanland<\/title>\n<meta name=\"robots\" content=\"index, follow, max-snippet:-1, max-image-preview:large, max-video-preview:-1\" \/>\n<link rel=\"canonical\" href=\"https:\/\/www.abf.se\/vastra-vastmanland\/annan-folkbildning\/\" \/>\n<meta property=\"og:locale\" content=\"sv_SE\" \/>\n<meta property=\"og:type\" content=\"article\" \/>\n<meta property=\"og:title\" content=\"Annan folkbildning - V\u00e4stra V\u00e4stmanland\" \/>\n<meta property=\"og:url\" content=\"https:\/\/www.abf.se\/vastra-vastmanland\/annan-folkbildning\/\" \/>\n<meta property=\"og:site_name\" content=\"V\u00e4stra V\u00e4stmanland\" \/>\n<meta property=\"article:modified_time\" content=\"2025-01-28T13:14:55+00:00\" \/>\n<meta property=\"og:image\" content=\"https:\/\/www.abf.se\/wp-content\/uploads\/sites\/61\/2024\/04\/Nyckeln-liggande-scaled.jpg\" \/>\n\t<meta property=\"og:image:width\" content=\"2560\" \/>\n\t<meta property=\"og:image:height\" content=\"1440\" \/>\n\t<meta property=\"og:image:type\" content=\"image\/jpeg\" \/>\n<meta name=\"twitter:card\" content=\"summary_large_image\" \/>\n<script type=\"application\/ld+json\" class=\"yoast-schema-graph\">{\"@context\":\"https:\/\/schema.org\",\"@graph\":[{\"@type\":\"WebPage\",\"@id\":\"https:\/\/www.abf.se\/vastra-vastmanland\/annan-folkbildning\/\",\"url\":\"https:\/\/www.abf.se\/vastra-vastmanland\/annan-folkbildning\/\",\"name\":\"Annan folkbildning - V\u00e4stra V\u00e4stmanland\",\"isPartOf\":{\"@id\":\"https:\/\/www.abf.se\/vastra-vastmanland\/#website\"},\"datePublished\":\"2024-04-17T12:22:31+00:00\",\"dateModified\":\"2025-01-28T13:14:55+00:00\",\"breadcrumb\":{\"@id\":\"https:\/\/www.abf.se\/vastra-vastmanland\/annan-folkbildning\/#breadcrumb\"},\"inLanguage\":\"sv-SE\",\"potentialAction\":[{\"@type\":\"ReadAction\",\"target\":[\"https:\/\/www.abf.se\/vastra-vastmanland\/annan-folkbildning\/\"]}]},{\"@type\":\"BreadcrumbList\",\"@id\":\"https:\/\/www.abf.se\/vastra-vastmanland\/annan-folkbildning\/#breadcrumb\",\"itemListElement\":[{\"@type\":\"ListItem\",\"position\":1,\"name\":\"Home\",\"item\":\"https:\/\/www.abf.se\/vastra-vastmanland\/\"},{\"@type\":\"ListItem\",\"position\":2,\"name\":\"Annan folkbildning\"}]},{\"@type\":\"WebSite\",\"@id\":\"https:\/\/www.abf.se\/vastra-vastmanland\/#website\",\"url\":\"https:\/\/www.abf.se\/vastra-vastmanland\/\",\"name\":\"V\u00e4stra V\u00e4stmanland\",\"description\":\"\",\"potentialAction\":[{\"@type\":\"SearchAction\",\"target\":{\"@type\":\"EntryPoint\",\"urlTemplate\":\"https:\/\/www.abf.se\/vastra-vastmanland\/?s={search_term_string}\"},\"query-input\":{\"@type\":\"PropertyValueSpecification\",\"valueRequired\":true,\"valueName\":\"search_term_string\"}}],\"inLanguage\":\"sv-SE\"}]}<\/script>\n<!-- \/ Yoast SEO plugin. -->","yoast_head_json":{"title":"Annan folkbildning - V\u00e4stra V\u00e4stmanland","robots":{"index":"index","follow":"follow","max-snippet":"max-snippet:-1","max-image-preview":"max-image-preview:large","max-video-preview":"max-video-preview:-1"},"canonical":"https:\/\/www.abf.se\/vastra-vastmanland\/annan-folkbildning\/","og_locale":"sv_SE","og_type":"article","og_title":"Annan folkbildning - V\u00e4stra V\u00e4stmanland","og_url":"https:\/\/www.abf.se\/vastra-vastmanland\/annan-folkbildning\/","og_site_name":"V\u00e4stra V\u00e4stmanland","article_modified_time":"2025-01-28T13:14:55+00:00","og_image":[{"width":2560,"height":1440,"url":"https:\/\/www.abf.se\/wp-content\/uploads\/sites\/61\/2024\/04\/Nyckeln-liggande-scaled.jpg","type":"image\/jpeg"}],"twitter_card":"summary_large_image","schema":{"@context":"https:\/\/schema.org","@graph":[{"@type":"WebPage","@id":"https:\/\/www.abf.se\/vastra-vastmanland\/annan-folkbildning\/","url":"https:\/\/www.abf.se\/vastra-vastmanland\/annan-folkbildning\/","name":"Annan folkbildning - V\u00e4stra V\u00e4stmanland","isPartOf":{"@id":"https:\/\/www.abf.se\/vastra-vastmanland\/#website"},"datePublished":"2024-04-17T12:22:31+00:00","dateModified":"2025-01-28T13:14:55+00:00","breadcrumb":{"@id":"https:\/\/www.abf.se\/vastra-vastmanland\/annan-folkbildning\/#breadcrumb"},"inLanguage":"sv-SE","potentialAction":[{"@type":"ReadAction","target":["https:\/\/www.abf.se\/vastra-vastmanland\/annan-folkbildning\/"]}]},{"@type":"BreadcrumbList","@id":"https:\/\/www.abf.se\/vastra-vastmanland\/annan-folkbildning\/#breadcrumb","itemListElement":[{"@type":"ListItem","position":1,"name":"Home","item":"https:\/\/www.abf.se\/vastra-vastmanland\/"},{"@type":"ListItem","position":2,"name":"Annan folkbildning"}]},{"@type":"WebSite","@id":"https:\/\/www.abf.se\/vastra-vastmanland\/#website","url":"https:\/\/www.abf.se\/vastra-vastmanland\/","name":"V\u00e4stra V\u00e4stmanland","description":"","potentialAction":[{"@type":"SearchAction","target":{"@type":"EntryPoint","urlTemplate":"https:\/\/www.abf.se\/vastra-vastmanland\/?s={search_term_string}"},"query-input":{"@type":"PropertyValueSpecification","valueRequired":true,"valueName":"search_term_string"}}],"inLanguage":"sv-SE"}]}},"_links":{"self":[{"href":"https:\/\/www.abf.se\/vastra-vastmanland\/wp-json\/wp\/v2\/pages\/339","targetHints":{"allow":["GET"]}}],"collection":[{"href":"https:\/\/www.abf.se\/vastra-vastmanland\/wp-json\/wp\/v2\/pages"}],"about":[{"href":"https:\/\/www.abf.se\/vastra-vastmanland\/wp-json\/wp\/v2\/types\/page"}],"author":[{"embeddable":true,"href":"https:\/\/www.abf.se\/vastra-vastmanland\/wp-json\/wp\/v2\/users\/98"}],"replies":[{"embeddable":true,"href":"https:\/\/www.abf.se\/vastra-vastmanland\/wp-json\/wp\/v2\/comments?post=339"}],"version-history":[{"count":3,"href":"https:\/\/www.abf.se\/vastra-vastmanland\/wp-json\/wp\/v2\/pages\/339\/revisions"}],"predecessor-version":[{"id":710,"href":"https:\/\/www.abf.se\/vastra-vastmanland\/wp-json\/wp\/v2\/pages\/339\/revisions\/710"}],"wp:attachment":[{"href":"https:\/\/www.abf.se\/vastra-vastmanland\/wp-json\/wp\/v2\/media?parent=339"}],"curies":[{"name":"wp","href":"https:\/\/api.w.org\/{rel}","templated":true}]}}